{"id":14,"date":"2020-08-03T18:27:06","date_gmt":"2020-08-03T16:27:06","guid":{"rendered":"https:\/\/nminprobenundbodenprob.live-website.com\/?page_id=14"},"modified":"2020-08-04T12:14:52","modified_gmt":"2020-08-04T10:14:52","slug":"startseite","status":"publish","type":"page","link":"https:\/\/nmin-probe.de\/","title":{"rendered":"Startseite"},"content":{"rendered":"\n<p>Herzlich Willkommen auf unserer Internetseite. Wir freuen uns, Ihnen das Thema Nmin-Proben und Bodenproben n\u00e4herzubringen.<br><br><strong>Warum sollte man \u00fcberhaupt Bodenproben ziehen?<\/strong><br>Als erstes ist hier nat\u00fcrlich der gesetzliche Rahmen einzuhalten, da jeder Landwirt verpflichtet ist aktuelle Bodenproben vorzuweisen.<br>Aber auch aus eigenem Anlass oder Interesse sollte man seinem Boden und die N\u00e4hrstoffversorgung im Blick behalten, denn fehlt ein N\u00e4hrstoff im Boden limitiert dieser das Potential der Pflanze, welches schon der Wissenschaftler Justus von Liebig (1803-1873) erkannte.<\/p>\n\n\n\n<p>\u00a9 Faltermeier (1996): Praktischer Unterricht Biologie. Lebensraum Boden. S. 58<\/p>\n\n\n\n<p>Eine erfolgreiche Ernte und guter Ertrag f\u00e4ngt mit der Versorgung des Bodens an!<br>Nur ein ausreichen versorgter Boden kann auch Spitzenertr\u00e4ge liefern.<br>Daher sollten Sie Ihren Boden in regelm\u00e4\u00dfigen Abst\u00e4nden kontrollieren und dementsprechend D\u00fcngen.<\/p>\n\n\n\n<figure class=\"wp-block-image size-large\"><img loading=\"lazy\" decoding=\"async\" width=\"816\" height=\"459\" src=\"https:\/\/nmin-probe.de\/wp-content\/uploads\/2020\/08\/header3.jpg\" alt=\"\" class=\"wp-image-51\" srcset=\"https:\/\/nmin-probe.de\/wp-content\/uploads\/2020\/08\/header3.jpg 816w, https:\/\/nmin-probe.de\/wp-content\/uploads\/2020\/08\/header3-300x169.jpg 300w, https:\/\/nmin-probe.de\/wp-content\/uploads\/2020\/08\/header3-768x432.jpg 768w\" sizes=\"auto, (max-width: 706px) 89vw, (max-width: 767px) 82vw, 740px\" \/><figcaption>Suzuki Jimny und &#8230;<\/figcaption><\/figure>\n\n\n\n<p>Durch die neue D\u00fcngeverordnung, mit welcher wir Landwirte uns nun seit geraume Zeit besch\u00e4ftigen m\u00fcssen, ist die eigene Nmin-Probe zur D\u00fcngebedarfsermittlung st\u00e4rker in den Fokus ger\u00fcckt.<br>Des weiteren liefern Nmin Proben uns genaue Anhaltspunkte zur Steuerung der D\u00fcngung.<br>Der Boden in Niedersachsen wechselt von Region zu Region und hat somit jeweils ein unterschiedliches Potential und Speicherverm\u00f6gen von N\u00e4hrstoffen und Stickstoff.<br>Daher lohnt es sich oft zu \u00fcberpr\u00fcfen, ob der eigene Boden mehr oder weniger Stickstoff enth\u00e4lt.<br>Die Meisten hoffen sicherlich, dass Ihr Boden weniger Stickstoff enth\u00e4lt. Aber auch h\u00f6here Werte, als die Richtwerte der Landwirtschaftskammer bieten Einsparpotential, da hier Stickstoffd\u00fcnger eingespart werden kann und sollte.<br>Ein Blick in den Boden lohnt sich allemal, daher nehmen Sie gerne mit uns Kontakt auf und wir beraten Sie gerne!<\/p>\n\n\n\n<p><\/p>\n","protected":false},"excerpt":{"rendered":"<p>Herzlich Willkommen auf unserer Internetseite. Wir freuen uns, Ihnen das Thema Nmin-Proben und Bodenproben n\u00e4herzubringen. Warum sollte man \u00fcberhaupt Bodenproben ziehen?Als erstes ist hier nat\u00fcrlich der gesetzliche Rahmen einzuhalten, da jeder Landwirt verpflichtet ist aktuelle Bodenproben vorzuweisen.Aber auch aus eigenem Anlass oder Interesse sollte man seinem Boden und die N\u00e4hrstoffversorgung im Blick behalten, denn fehlt &hellip; <\/p>\n<p class=\"link-more\"><a href=\"https:\/\/nmin-probe.de\/\" class=\"more-link\"><span class=\"screen-reader-text\">\u201eStartseite\u201c <\/span>weiterlesen<\/a><\/p>\n","protected":false},"author":1,"featured_media":0,"parent":0,"menu_order":0,"comment_status":"closed","ping_status":"closed","template":"","meta":{"footnotes":""},"class_list":["post-14","page","type-page","status-publish","hentry"],"_links":{"self":[{"href":"https:\/\/nmin-probe.de\/index.php?rest_route=\/wp\/v2\/pages\/14","targetHints":{"allow":["GET"]}}],"collection":[{"href":"https:\/\/nmin-probe.de\/index.php?rest_route=\/wp\/v2\/pages"}],"about":[{"href":"https:\/\/nmin-probe.de\/index.php?rest_route=\/wp\/v2\/types\/page"}],"author":[{"embeddable":true,"href":"https:\/\/nmin-probe.de\/index.php?rest_route=\/wp\/v2\/users\/1"}],"replies":[{"embeddable":true,"href":"https:\/\/nmin-probe.de\/index.php?rest_route=%2Fwp%2Fv2%2Fcomments&post=14"}],"version-history":[{"count":6,"href":"https:\/\/nmin-probe.de\/index.php?rest_route=\/wp\/v2\/pages\/14\/revisions"}],"predecessor-version":[{"id":97,"href":"https:\/\/nmin-probe.de\/index.php?rest_route=\/wp\/v2\/pages\/14\/revisions\/97"}],"wp:attachment":[{"href":"https:\/\/nmin-probe.de\/index.php?rest_route=%2Fwp%2Fv2%2Fmedia&parent=14"}],"curies":[{"name":"wp","href":"https:\/\/api.w.org\/{rel}","templated":true}]}}