{"id":71,"date":"2020-08-04T10:48:01","date_gmt":"2020-08-04T08:48:01","guid":{"rendered":"https:\/\/nmin-probe.de\/?page_id=71"},"modified":"2020-08-04T12:01:32","modified_gmt":"2020-08-04T10:01:32","slug":"ueber-uns","status":"publish","type":"page","link":"https:\/\/nmin-probe.de\/?page_id=71","title":{"rendered":"\u00dcber uns"},"content":{"rendered":"\n<p>Ausgestattet f\u00fcr die Entnahme der Proben sind wir mit dem f\u00fcr seine Gel\u00e4ndef\u00e4higkeiten bekannten Suzuki Jimny und dem Wintex 3000 Bodenprobenentnahmeger\u00e4t.<\/p>\n\n\n\n<figure class=\"wp-block-image size-large\"><img loading=\"lazy\" decoding=\"async\" width=\"1024\" height=\"768\" src=\"https:\/\/nmin-probe.de\/wp-content\/uploads\/2020\/08\/IMG_20200717_100432-1024x768.jpg\" alt=\"\" class=\"wp-image-82\" srcset=\"https:\/\/nmin-probe.de\/wp-content\/uploads\/2020\/08\/IMG_20200717_100432-1024x768.jpg 1024w, https:\/\/nmin-probe.de\/wp-content\/uploads\/2020\/08\/IMG_20200717_100432-300x225.jpg 300w, https:\/\/nmin-probe.de\/wp-content\/uploads\/2020\/08\/IMG_20200717_100432-768x576.jpg 768w, https:\/\/nmin-probe.de\/wp-content\/uploads\/2020\/08\/IMG_20200717_100432-1536x1152.jpg 1536w, https:\/\/nmin-probe.de\/wp-content\/uploads\/2020\/08\/IMG_20200717_100432-2048x1536.jpg 2048w\" sizes=\"auto, (max-width: 706px) 89vw, (max-width: 767px) 82vw, 740px\" \/><figcaption>Suzuki Jimny und  Wintex 3000 Bodenprobenentnahmeger\u00e4t<\/figcaption><\/figure>\n\n\n\n<p>Das Fahrzeug wurde komplett umgebaut f\u00fcr den Einsatz der Bodenprobenentnahme.<br>Mit einem Gewicht von etwas mehr als 1000kg und breiter Offroadbereifung, ist der Jimny bestens f\u00fcr den Einsatz aufm dem Feld ger\u00fcstet.<br>Das Wintex 3000 Entnahmeger\u00e4t kann bis zu 90cm in den Boden Einstechen f\u00fcr Nmin Proben.<br>Bei Grundn\u00e4hrstoffproben ist die Einstichtiefe variable einstellbar, um die Entnahme der Proben an die Bearbeitungstiefe anzupassen.<br>Der Bohrstock wird mit Hilfe eines Hydraulikhammers in den Boden geh\u00e4mmert anschlie\u00dfend einmal gedreht. Beim herausziehen der Probe verteilt das Ger\u00e4t die Proben der einzelnen Schichten automatisch in die Probenbeh\u00e4lter.<br>Bei Grundn\u00e4hrstoffproben k\u00f6nnen bis zu 3 Proben gleichzeitig entnommen werden.<\/p>\n\n\n\n<figure class=\"wp-block-video\"><video height=\"352\" style=\"aspect-ratio: 640 \/ 352;\" width=\"640\" controls src=\"https:\/\/nmin-probe.de\/wp-content\/uploads\/2020\/08\/VID-20200610-WA0004-1.mp4\"><\/video><figcaption>Wintex 3000 Entnahmeger\u00e4t<\/figcaption><\/figure>\n\n\n\n<p>Sowohl die Fahrspur, als auch die einzelnen Einstichpunkte bei der Entnahme der Proben werden mittels GPS aufgezeichnet. Dies bietet den gro\u00dfen Vorteil, dass man bei der n\u00e4chsten Beprobung an den selben Stellen die Proben zieht.<br>Somit kann man N\u00e4hrstoffver\u00e4nderungen besonders gut im Auge behalten und individuell darauf reagieren.<br>Danach werden die Proben beschriftet verpackt und ins Labor gebracht, wo die Proben nach Kundenwunsch untersucht werden. Wir arbeiten eng mit Farm Facts, der Lufa und dem Agrolab zusammen.<br>Des weiteren kann das Entnahmeraster der Proben individuell gestaltet werden. Es ist uns m\u00f6glich vom Schlichten 3ha Raster bis hin zum individuellen Probenraster nach Biomassenkarte oder eventuell vorhandener Ertragskarte Ihren Probenplan zu erstellen.<br>Aufbauend auf den gewonnenen Daten k\u00f6nnen im Anschluss Applikationskarten erstellt werden, welche Sie f\u00fcr die Aussaat, D\u00fcngung oder Pflanzenschutz nutzen k\u00f6nnen.<\/p>\n\n\n\n<p>Sprechen Sie uns bei Fragen gerne an, und wir beraten Sie gerne, wenn es um Ihre Proben geht.<\/p>\n","protected":false},"excerpt":{"rendered":"<p>Ausgestattet f\u00fcr die Entnahme der Proben sind wir mit dem f\u00fcr seine Gel\u00e4ndef\u00e4higkeiten bekannten Suzuki Jimny und dem Wintex 3000 Bodenprobenentnahmeger\u00e4t. Das Fahrzeug wurde komplett umgebaut f\u00fcr den Einsatz der Bodenprobenentnahme.Mit einem Gewicht von etwas mehr als 1000kg und breiter Offroadbereifung, ist der Jimny bestens f\u00fcr den Einsatz aufm dem Feld ger\u00fcstet.Das Wintex 3000 Entnahmeger\u00e4t &hellip; <\/p>\n<p class=\"link-more\"><a href=\"https:\/\/nmin-probe.de\/?page_id=71\" class=\"more-link\"><span class=\"screen-reader-text\">\u201e\u00dcber uns\u201c <\/span>weiterlesen<\/a><\/p>\n","protected":false},"author":1,"featured_media":0,"parent":0,"menu_order":0,"comment_status":"closed","ping_status":"closed","template":"","meta":{"footnotes":""},"class_list":["post-71","page","type-page","status-publish","hentry"],"_links":{"self":[{"href":"https:\/\/nmin-probe.de\/index.php?rest_route=\/wp\/v2\/pages\/71","targetHints":{"allow":["GET"]}}],"collection":[{"href":"https:\/\/nmin-probe.de\/index.php?rest_route=\/wp\/v2\/pages"}],"about":[{"href":"https:\/\/nmin-probe.de\/index.php?rest_route=\/wp\/v2\/types\/page"}],"author":[{"embeddable":true,"href":"https:\/\/nmin-probe.de\/index.php?rest_route=\/wp\/v2\/users\/1"}],"replies":[{"embeddable":true,"href":"https:\/\/nmin-probe.de\/index.php?rest_route=%2Fwp%2Fv2%2Fcomments&post=71"}],"version-history":[{"count":11,"href":"https:\/\/nmin-probe.de\/index.php?rest_route=\/wp\/v2\/pages\/71\/revisions"}],"predecessor-version":[{"id":94,"href":"https:\/\/nmin-probe.de\/index.php?rest_route=\/wp\/v2\/pages\/71\/revisions\/94"}],"wp:attachment":[{"href":"https:\/\/nmin-probe.de\/index.php?rest_route=%2Fwp%2Fv2%2Fmedia&parent=71"}],"curies":[{"name":"wp","href":"https:\/\/api.w.org\/{rel}","templated":true}]}}